{"id":32,"date":"2021-08-07T18:39:15","date_gmt":"2021-08-07T16:39:15","guid":{"rendered":"http:\/\/objectifsagesse.com\/?page_id=32"},"modified":"2021-10-18T18:11:22","modified_gmt":"2021-10-18T16:11:22","slug":"notre-philosophie","status":"publish","type":"page","link":"https:\/\/objectifsagesse.com\/","title":{"rendered":"Bienvenue \u00e0 tous"},"content":{"rendered":"\t\t<div data-elementor-type=\"wp-page\" data-elementor-id=\"32\" class=\"elementor elementor-32\">\n\t\t\t\t\t\t\t\t\t<section class=\"elementor-section elementor-top-section elementor-element elementor-element-453dc2d elementor-section-full_width elementor-section-height-default elementor-section-height-default\" data-id=\"453dc2d\" data-element_type=\"section\">\n\t\t\t\t\t\t<div class=\"elementor-container elementor-column-gap-no\">\n\t\t\t\t\t<div class=\"elementor-column elementor-col-100 elementor-top-column elementor-element elementor-element-3b917f1\" data-id=\"3b917f1\" data-element_type=\"column\">\n\t\t\t<div class=\"elementor-widget-wrap elementor-element-populated\">\n\t\t\t\t\t\t\t\t\t<\/div>\n\t\t<\/div>\n\t\t\t\t\t\t\t<\/div>\n\t\t<\/section>\n\t\t\t\t<section class=\"elementor-section elementor-top-section elementor-element elementor-element-41622f27 elementor-section-boxed elementor-section-height-default elementor-section-height-default\" data-id=\"41622f27\" data-element_type=\"section\">\n\t\t\t\t\t\t<div class=\"elementor-container elementor-column-gap-default\">\n\t\t\t\t\t<div class=\"elementor-column elementor-col-100 elementor-top-column elementor-element elementor-element-61c0eab6\" data-id=\"61c0eab6\" data-element_type=\"column\">\n\t\t\t<div class=\"elementor-widget-wrap elementor-element-populated\">\n\t\t\t\t\t\t\t\t<div class=\"elementor-element elementor-element-5d3ae6f1 elementor-widget elementor-widget-text-editor\" data-id=\"5d3ae6f1\" data-element_type=\"widget\" data-widget_type=\"text-editor.default\">\n\t\t\t\t<div class=\"elementor-widget-container\">\n\t\t\t<style>\/*! elementor - v3.11.5 - 14-03-2023 *\/\n.elementor-widget-text-editor.elementor-drop-cap-view-stacked .elementor-drop-cap{background-color:#818a91;color:#fff}.elementor-widget-text-editor.elementor-drop-cap-view-framed .elementor-drop-cap{color:#818a91;border:3px solid;background-color:transparent}.elementor-widget-text-editor:not(.elementor-drop-cap-view-default) .elementor-drop-cap{margin-top:8px}.elementor-widget-text-editor:not(.elementor-drop-cap-view-default) .elementor-drop-cap-letter{width:1em;height:1em}.elementor-widget-text-editor .elementor-drop-cap{float:left;text-align:center;line-height:1;font-size:50px}.elementor-widget-text-editor .elementor-drop-cap-letter{display:inline-block}<\/style>\t\t\t\t<p><!-- wp:paragraph {\"align\":\"center\",\"fontSize\":\"normal\"} --><\/p>\n<p class=\"has-text-align-center has-normal-font-size\"><b>BIENVENUE \u00c0 TOUS\u00a0<\/b><\/p>\n<p class=\"has-text-align-center has-normal-font-size\"><b>\u00a0Ce site a pour objectif de contribuer \u00e0 l&#8217;\u00e9panouissement de l&#8217;\u00eatre humain gr\u00e2ce \u00e0 diff\u00e9rentes approches issues de la psychologie moderne, des neurosciences et des grandes traditions spirituelles. Il s&#8217;agit de tenter un rapprochement entre les savoirs scientifiques modernes et les connaissances a priori plus\u00a0empiriques des traditions spirituelles anciennes.\u00a0<\/b><b style=\"font-size: var(--wp--preset--font-size--normal);\">La psychologie est, selon nous, un atout essentiel car elle participe \u00e0 la lib\u00e9ration des traumas, conditionnements <\/b><span style=\"font-weight: 600;\">et autres d\u00e9connexions r\u00e9sultant de notre histoire et<\/span><b style=\"font-size: var(--wp--preset--font-size--normal);\">\u00a0de notre culture personnelles, v\u00e9ritables entraves \u00e0 l&#8217;expression de notre nature spirituelle, droit de naissance inali\u00e9nable, source de paix et de libert\u00e9 int\u00e9rieure.<\/b><\/p>\n<div class=\"wp-block-image is-style-default\">\n<p class=\"aligncenter size-large is-resized\"><img loading=\"lazy\" class=\"wp-image-50\" src=\"https:\/\/objectifsagesse.com\/wp-content\/uploads\/2021\/08\/P1030568-1024x768.jpg\" alt=\"Du mental conditionn\u00e9 \u00e0 la libert\u00e9 d'\u00eatre De la survie psychologique \u00e0 la joie de l'essence.\" width=\"768\" height=\"576\" srcset=\"https:\/\/objectifsagesse.com\/wp-content\/uploads\/2021\/08\/P1030568-1024x768.jpg 1024w, https:\/\/objectifsagesse.com\/wp-content\/uploads\/2021\/08\/P1030568-600x450.jpg 600w, https:\/\/objectifsagesse.com\/wp-content\/uploads\/2021\/08\/P1030568-300x225.jpg 300w, https:\/\/objectifsagesse.com\/wp-content\/uploads\/2021\/08\/P1030568-768x576.jpg 768w, https:\/\/objectifsagesse.com\/wp-content\/uploads\/2021\/08\/P1030568-1536x1152.jpg 1536w, https:\/\/objectifsagesse.com\/wp-content\/uploads\/2021\/08\/P1030568-2048x1536.jpg 2048w\" sizes=\"(max-width: 768px) 100vw, 768px\" \/><\/p>\n<p>\u00a0<\/p>\n<p class=\"aligncenter size-large is-resized\"><span style=\"color: #000000;\"><strong><code><span class=\"has-inline-color has-black-color\">Laisser cro\u00eetre la beaut\u00e9 de l'\u00catre pr\u00e9sent en chacun de nous<\/span><\/code><\/strong><\/span><\/p>\n<\/div>\n<p><!-- \/wp:image --><!-- wp:pullquote {\"className\":\"is-style-default\"} --><\/p>\n<figure class=\"wp-block-pullquote is-style-default\">\n<blockquote>\n<p><em><sub>\u00ab Au-del\u00e0 des id\u00e9es de ce qui est bien et de ce qui est mal, se trouve un champ. Je t\u2019y retrouverai. \u00bb Rumi<\/sub><\/em><\/p>\n<\/blockquote>\n<\/figure>\n<p><!-- \/wp:pullquote --><\/p>\t\t\t\t\t\t<\/div>\n\t\t\t\t<\/div>\n\t\t\t\t\t<\/div>\n\t\t<\/div>\n\t\t\t\t\t\t\t<\/div>\n\t\t<\/section>\n\t\t\t\t\t\t\t<\/div>\n\t\t","protected":false},"excerpt":{"rendered":"<p>BIENVENUE \u00c0 TOUS\u00a0 \u00a0Ce site a pour objectif de contribuer \u00e0 l&#8217;\u00e9panouissement de l&#8217;\u00eatre humain gr\u00e2ce \u00e0 diff\u00e9rentes approches issues de la psychologie moderne, des neurosciences et des grandes traditions spirituelles. Il s&#8217;agit de tenter un rapprochement entre les savoirs scientifiques modernes et les connaissances a priori plus\u00a0empiriques des traditions spirituelles anciennes.\u00a0La psychologie est, selon [&hellip;]<\/p>\n","protected":false},"author":1,"featured_media":0,"parent":0,"menu_order":0,"comment_status":"closed","ping_status":"closed","template":"","meta":{"ocean_post_layout":"full-width","ocean_both_sidebars_style":"","ocean_both_sidebars_content_width":0,"ocean_both_sidebars_sidebars_width":0,"ocean_sidebar":"0","ocean_second_sidebar":"0","ocean_disable_margins":"on","ocean_add_body_class":"","ocean_shortcode_before_top_bar":"","ocean_shortcode_after_top_bar":"","ocean_shortcode_before_header":"","ocean_shortcode_after_header":"","ocean_has_shortcode":"","ocean_shortcode_after_title":"","ocean_shortcode_before_footer_widgets":"","ocean_shortcode_after_footer_widgets":"","ocean_shortcode_before_footer_bottom":"","ocean_shortcode_after_footer_bottom":"","ocean_display_top_bar":"default","ocean_display_header":"default","ocean_header_style":"","ocean_center_header_left_menu":"0","ocean_custom_header_template":"0","ocean_custom_logo":0,"ocean_custom_retina_logo":0,"ocean_custom_logo_max_width":0,"ocean_custom_logo_tablet_max_width":0,"ocean_custom_logo_mobile_max_width":0,"ocean_custom_logo_max_height":0,"ocean_custom_logo_tablet_max_height":0,"ocean_custom_logo_mobile_max_height":0,"ocean_header_custom_menu":"0","ocean_menu_typo_font_family":"0","ocean_menu_typo_font_subset":"","ocean_menu_typo_font_size":0,"ocean_menu_typo_font_size_tablet":0,"ocean_menu_typo_font_size_mobile":0,"ocean_menu_typo_font_size_unit":"px","ocean_menu_typo_font_weight":"","ocean_menu_typo_font_weight_tablet":"","ocean_menu_typo_font_weight_mobile":"","ocean_menu_typo_transform":"","ocean_menu_typo_transform_tablet":"","ocean_menu_typo_transform_mobile":"","ocean_menu_typo_line_height":0,"ocean_menu_typo_line_height_tablet":0,"ocean_menu_typo_line_height_mobile":0,"ocean_menu_typo_line_height_unit":"","ocean_menu_typo_spacing":0,"ocean_menu_typo_spacing_tablet":0,"ocean_menu_typo_spacing_mobile":0,"ocean_menu_typo_spacing_unit":"","ocean_menu_link_color":"","ocean_menu_link_color_hover":"","ocean_menu_link_color_active":"","ocean_menu_link_background":"","ocean_menu_link_hover_background":"","ocean_menu_link_active_background":"","ocean_menu_social_links_bg":"","ocean_menu_social_hover_links_bg":"","ocean_menu_social_links_color":"","ocean_menu_social_hover_links_color":"","ocean_disable_title":"default","ocean_disable_heading":"default","ocean_post_title":"","ocean_post_subheading":"","ocean_post_title_style":"","ocean_post_title_background_color":"","ocean_post_title_background":0,"ocean_post_title_bg_image_position":"","ocean_post_title_bg_image_attachment":"","ocean_post_title_bg_image_repeat":"","ocean_post_title_bg_image_size":"","ocean_post_title_height":0,"ocean_post_title_bg_overlay":0.5,"ocean_post_title_bg_overlay_color":"","ocean_disable_breadcrumbs":"default","ocean_breadcrumbs_color":"","ocean_breadcrumbs_separator_color":"","ocean_breadcrumbs_links_color":"","ocean_breadcrumbs_links_hover_color":"","ocean_display_footer_widgets":"default","ocean_display_footer_bottom":"default","ocean_custom_footer_template":"0","spay_email":""},"_links":{"self":[{"href":"https:\/\/objectifsagesse.com\/index.php\/wp-json\/wp\/v2\/pages\/32"}],"collection":[{"href":"https:\/\/objectifsagesse.com\/index.php\/wp-json\/wp\/v2\/pages"}],"about":[{"href":"https:\/\/objectifsagesse.com\/index.php\/wp-json\/wp\/v2\/types\/page"}],"author":[{"embeddable":true,"href":"https:\/\/objectifsagesse.com\/index.php\/wp-json\/wp\/v2\/users\/1"}],"replies":[{"embeddable":true,"href":"https:\/\/objectifsagesse.com\/index.php\/wp-json\/wp\/v2\/comments?post=32"}],"version-history":[{"count":67,"href":"https:\/\/objectifsagesse.com\/index.php\/wp-json\/wp\/v2\/pages\/32\/revisions"}],"predecessor-version":[{"id":462,"href":"https:\/\/objectifsagesse.com\/index.php\/wp-json\/wp\/v2\/pages\/32\/revisions\/462"}],"wp:attachment":[{"href":"https:\/\/objectifsagesse.com\/index.php\/wp-json\/wp\/v2\/media?parent=32"}],"curies":[{"name":"wp","href":"https:\/\/api.w.org\/{rel}","templated":true}]}}